{"id":1568,"date":"2022-11-04T12:50:24","date_gmt":"2022-11-04T12:50:24","guid":{"rendered":"https:\/\/casalaflor.com\/casa-la-flor-alrededores\/casa-la-flor-playas\/"},"modified":"2022-11-19T14:44:35","modified_gmt":"2022-11-19T14:44:35","slug":"casa-la-flor-playas","status":"publish","type":"page","link":"https:\/\/casalaflor.com\/es\/casa-la-flor-alrededores\/casa-la-flor-playas\/","title":{"rendered":"Casa La Flor | Playas"},"content":{"rendered":"\t\t<div data-elementor-type=\"wp-page\" data-elementor-id=\"1568\" class=\"elementor elementor-1568 elementor-715\" data-elementor-post-type=\"page\">\n\t\t\t\t\t\t<section class=\"elementor-section elementor-top-section elementor-element elementor-element-d16fc65 elementor-section-boxed elementor-section-height-default elementor-section-height-default\" data-id=\"d16fc65\" data-element_type=\"section\" data-e-type=\"section\" data-settings=\"{&quot;background_background&quot;:&quot;classic&quot;}\">\n\t\t\t\t\t\t\t<div class=\"elementor-background-overlay\"><\/div>\n\t\t\t\t\t\t\t<div class=\"elementor-container elementor-column-gap-default\">\n\t\t\t\t\t<div class=\"elementor-column elementor-col-50 elementor-top-column elementor-element elementor-element-5dd6744\" data-id=\"5dd6744\" data-element_type=\"column\" data-e-type=\"column\">\n\t\t\t<div class=\"elementor-widget-wrap elementor-element-populated\">\n\t\t\t\t\t\t<div class=\"elementor-element elementor-element-5f12ff3 elementor-widget elementor-widget-heading\" data-id=\"5f12ff3\" data-element_type=\"widget\" data-e-type=\"widget\" data-widget_type=\"heading.default\">\n\t\t\t\t<div class=\"elementor-widget-container\">\n\t\t\t\t\t<h2 class=\"elementor-heading-title elementor-size-default\">Playas<\/h2>\t\t\t\t<\/div>\n\t\t\t\t<\/div>\n\t\t\t\t\t<\/div>\n\t\t<\/div>\n\t\t\t\t<div class=\"elementor-column elementor-col-50 elementor-top-column elementor-element elementor-element-d899466\" data-id=\"d899466\" data-element_type=\"column\" data-e-type=\"column\">\n\t\t\t<div class=\"elementor-widget-wrap\">\n\t\t\t\t\t\t\t<\/div>\n\t\t<\/div>\n\t\t\t\t\t<\/div>\n\t\t<\/section>\n\t\t\t\t<section class=\"elementor-section elementor-top-section elementor-element elementor-element-543b5e8 elementor-section-boxed elementor-section-height-default elementor-section-height-default\" data-id=\"543b5e8\" data-element_type=\"section\" data-e-type=\"section\">\n\t\t\t\t\t\t\t<div class=\"elementor-background-overlay\"><\/div>\n\t\t\t\t\t\t\t<div class=\"elementor-container elementor-column-gap-default\">\n\t\t\t\t\t<div class=\"elementor-column elementor-col-50 elementor-top-column elementor-element elementor-element-c251b81\" data-id=\"c251b81\" data-element_type=\"column\" data-e-type=\"column\">\n\t\t\t<div class=\"elementor-widget-wrap elementor-element-populated\">\n\t\t\t\t\t\t<div class=\"elementor-element elementor-element-36fe772 elementor-widget elementor-widget-heading\" data-id=\"36fe772\" data-element_type=\"widget\" data-e-type=\"widget\" data-widget_type=\"heading.default\">\n\t\t\t\t<div class=\"elementor-widget-container\">\n\t\t\t\t\t<h2 class=\"elementor-heading-title elementor-size-default\">Playas de la zona<\/h2>\t\t\t\t<\/div>\n\t\t\t\t<\/div>\n\t\t\t\t<div class=\"elementor-element elementor-element-bfccc95 elementor-hidden-mobile elementor-widget-divider--view-line elementor-widget elementor-widget-divider\" data-id=\"bfccc95\" data-element_type=\"widget\" data-e-type=\"widget\" data-widget_type=\"divider.default\">\n\t\t\t\t<div class=\"elementor-widget-container\">\n\t\t\t\t\t\t\t<div class=\"elementor-divider\">\n\t\t\t<span class=\"elementor-divider-separator\">\n\t\t\t\t\t\t<\/span>\n\t\t<\/div>\n\t\t\t\t\t\t<\/div>\n\t\t\t\t<\/div>\n\t\t\t\t<div class=\"elementor-element elementor-element-43962fc elementor-widget elementor-widget-text-editor\" data-id=\"43962fc\" data-element_type=\"widget\" data-e-type=\"widget\" data-widget_type=\"text-editor.default\">\n\t\t\t\t<div class=\"elementor-widget-container\">\n\t\t\t\t\t\t\t\t\t<ul>\n<li>Torre del Mar: la playa est\u00e1 en el paseo mar\u00edtimo, tiene arena oscura (con peque\u00f1os guijarros) y un oleaje moderado. La playa familiar tiene 40 metros de ancho en una longitud de unos 2 km y hay muchos chiringuitos. Consejo: alquila tumbonas en el chiringuito Jazba o Berebere.<\/li>\n<li>El Morche (hacia Torrox Costa): Playa de arena.<\/li>\n<li>La playa de Burriana (cerca de Nerja) es la playa m\u00e1s grande cerca de Nerja con arena fina y actividades acu\u00e1ticas.<\/li>\n<li>Algarrobo Costa: No es tur\u00edstico y tiene algunos chiringuitos. Arena con grava\/piedras. Consejo: alquila una cama de playa en el chiringuito Baobab.<\/li>\n<li>La Herradura (en direcci\u00f3n a Motril): peque\u00f1o guijarro en una bonita bah\u00eda.<\/li>\n<\/ul>\n\t\t\t\t\t\t\t\t<\/div>\n\t\t\t\t<\/div>\n\t\t\t\t\t<\/div>\n\t\t<\/div>\n\t\t\t\t<div class=\"elementor-column elementor-col-50 elementor-top-column elementor-element elementor-element-a6f19e0\" data-id=\"a6f19e0\" data-element_type=\"column\" data-e-type=\"column\">\n\t\t\t<div class=\"elementor-widget-wrap elementor-element-populated\">\n\t\t\t\t\t\t<div class=\"elementor-element elementor-element-4399df8 elementor-widget elementor-widget-image-carousel\" data-id=\"4399df8\" data-element_type=\"widget\" data-e-type=\"widget\" data-settings=\"{&quot;slides_to_show&quot;:&quot;1&quot;,&quot;navigation&quot;:&quot;none&quot;,&quot;autoplay_speed&quot;:2500,&quot;autoplay&quot;:&quot;yes&quot;,&quot;pause_on_hover&quot;:&quot;yes&quot;,&quot;pause_on_interaction&quot;:&quot;yes&quot;,&quot;infinite&quot;:&quot;yes&quot;,&quot;effect&quot;:&quot;slide&quot;,&quot;speed&quot;:500}\" data-widget_type=\"image-carousel.default\">\n\t\t\t\t<div class=\"elementor-widget-container\">\n\t\t\t\t\t\t\t<div class=\"elementor-image-carousel-wrapper swiper\" role=\"region\" aria-roledescription=\"carousel\" aria-label=\"Carrusel de im\u00e1genes\" dir=\"ltr\">\n\t\t\t<div class=\"elementor-image-carousel swiper-wrapper\" aria-live=\"off\">\n\t\t\t\t\t\t\t\t<div class=\"swiper-slide\" role=\"group\" aria-roledescription=\"slide\" aria-label=\"1 de 5\"><figure class=\"swiper-slide-inner\"><img decoding=\"async\" class=\"swiper-slide-image\" src=\"https:\/\/casalaflor.com\/wp-content\/uploads\/2022\/11\/25.-Strand-rotated.jpg\" alt=\"25. Strand\" \/><\/figure><\/div><div class=\"swiper-slide\" role=\"group\" aria-roledescription=\"slide\" aria-label=\"2 de 5\"><figure class=\"swiper-slide-inner\"><img decoding=\"async\" class=\"swiper-slide-image\" src=\"https:\/\/casalaflor.com\/wp-content\/uploads\/2022\/11\/26.-Strand-baai-Maro-rotated.jpg\" alt=\"26. Strand baai Maro\" \/><\/figure><\/div><div class=\"swiper-slide\" role=\"group\" aria-roledescription=\"slide\" aria-label=\"3 de 5\"><figure class=\"swiper-slide-inner\"><img decoding=\"async\" class=\"swiper-slide-image\" src=\"https:\/\/casalaflor.com\/wp-content\/uploads\/2022\/11\/27.-Strand-Herradura.jpg\" alt=\"27. Strand Herradura\" \/><\/figure><\/div><div class=\"swiper-slide\" role=\"group\" aria-roledescription=\"slide\" aria-label=\"4 de 5\"><figure class=\"swiper-slide-inner\"><img decoding=\"async\" class=\"swiper-slide-image\" src=\"https:\/\/casalaflor.com\/wp-content\/uploads\/2022\/11\/28.-Strand-avond.jpg\" alt=\"28. Strand avond\" \/><\/figure><\/div><div class=\"swiper-slide\" role=\"group\" aria-roledescription=\"slide\" aria-label=\"5 de 5\"><figure class=\"swiper-slide-inner\"><img decoding=\"async\" class=\"swiper-slide-image\" src=\"https:\/\/casalaflor.com\/wp-content\/uploads\/2022\/11\/45.-strand-2.jpeg\" alt=\"45. strand 2\" \/><\/figure><\/div>\t\t\t<\/div>\n\t\t\t\t\t\t\t\n\t\t\t\t\t\t\t\t\t<\/div>\n\t\t\t\t\t\t<\/div>\n\t\t\t\t<\/div>\n\t\t\t\t\t<\/div>\n\t\t<\/div>\n\t\t\t\t\t<\/div>\n\t\t<\/section>\n\t\t\t\t<\/div>\n\t\t","protected":false},"excerpt":{"rendered":"<p>Playas Playas de la zona Torre del Mar: la playa est\u00e1 en el paseo mar\u00edtimo, tiene arena oscura (con peque\u00f1os guijarros) y un oleaje moderado. La playa familiar tiene 40 metros de ancho en una longitud de unos 2 km y hay muchos chiringuitos. Consejo: alquila tumbonas en el chiringuito Jazba o Berebere. El Morche [&hellip;]<\/p>\n","protected":false},"author":1,"featured_media":0,"parent":1495,"menu_order":0,"comment_status":"closed","ping_status":"closed","template":"elementor_header_footer","meta":{"site-sidebar-layout":"no-sidebar","site-content-layout":"page-builder","ast-site-content-layout":"default","site-content-style":"default","site-sidebar-style":"default","ast-global-header-display":"","ast-banner-title-visibility":"","ast-main-header-display":"","ast-hfb-above-header-display":"","ast-hfb-below-header-display":"","ast-hfb-mobile-header-display":"","site-post-title":"disabled","ast-breadcrumbs-content":"","ast-featured-img":"disabled","footer-sml-layout":"","ast-disable-related-posts":"","theme-transparent-header-meta":"","adv-header-id-meta":"","stick-header-meta":"","header-above-stick-meta":"","header-main-stick-meta":"","header-below-stick-meta":"","astra-migrate-meta-layouts":"default","ast-page-background-enabled":"default","ast-page-background-meta":{"desktop":{"background-color":"var(--ast-global-color-4)","background-image":"","background-repeat":"repeat","background-position":"center center","background-size":"auto","background-attachment":"scroll","background-type":"","background-media":"","overlay-type":"","overlay-color":"","overlay-opacity":"","overlay-gradient":""},"tablet":{"background-color":"","background-image":"","background-repeat":"repeat","background-position":"center center","background-size":"auto","background-attachment":"scroll","background-type":"","background-media":"","overlay-type":"","overlay-color":"","overlay-opacity":"","overlay-gradient":""},"mobile":{"background-color":"","background-image":"","background-repeat":"repeat","background-position":"center center","background-size":"auto","background-attachment":"scroll","background-type":"","background-media":"","overlay-type":"","overlay-color":"","overlay-opacity":"","overlay-gradient":""}},"ast-content-background-meta":{"desktop":{"background-color":"var(--ast-global-color-5)","background-image":"","background-repeat":"repeat","background-position":"center center","background-size":"auto","background-attachment":"scroll","background-type":"","background-media":"","overlay-type":"","overlay-color":"","overlay-opacity":"","overlay-gradient":""},"tablet":{"background-color":"var(--ast-global-color-5)","background-image":"","background-repeat":"repeat","background-position":"center center","background-size":"auto","background-attachment":"scroll","background-type":"","background-media":"","overlay-type":"","overlay-color":"","overlay-opacity":"","overlay-gradient":""},"mobile":{"background-color":"var(--ast-global-color-5)","background-image":"","background-repeat":"repeat","background-position":"center center","background-size":"auto","background-attachment":"scroll","background-type":"","background-media":"","overlay-type":"","overlay-color":"","overlay-opacity":"","overlay-gradient":""}},"footnotes":""},"class_list":["post-1568","page","type-page","status-publish","hentry"],"yoast_head":"<!-- This site is optimized with the Yoast SEO plugin v27.2 - https:\/\/yoast.com\/product\/yoast-seo-wordpress\/ -->\n<title>Casa La Flor | Playas - Casa La Flor<\/title>\n<meta name=\"robots\" content=\"index, follow, max-snippet:-1, max-image-preview:large, max-video-preview:-1\" \/>\n<link rel=\"canonical\" href=\"https:\/\/casalaflor.com\/es\/casa-la-flor-alrededores\/casa-la-flor-playas\/\" \/>\n<meta property=\"og:locale\" content=\"es_ES\" \/>\n<meta property=\"og:type\" content=\"article\" \/>\n<meta property=\"og:title\" content=\"Casa La Flor | Playas - Casa La Flor\" \/>\n<meta property=\"og:description\" content=\"Playas Playas de la zona Torre del Mar: la playa est\u00e1 en el paseo mar\u00edtimo, tiene arena oscura (con peque\u00f1os guijarros) y un oleaje moderado. La playa familiar tiene 40 metros de ancho en una longitud de unos 2 km y hay muchos chiringuitos. Consejo: alquila tumbonas en el chiringuito Jazba o Berebere. El Morche [&hellip;]\" \/>\n<meta property=\"og:url\" content=\"https:\/\/casalaflor.com\/es\/casa-la-flor-alrededores\/casa-la-flor-playas\/\" \/>\n<meta property=\"og:site_name\" content=\"Casa La Flor\" \/>\n<meta property=\"article:publisher\" content=\"https:\/\/www.facebook.com\/Casarurallaflor\" \/>\n<meta property=\"article:modified_time\" content=\"2022-11-19T14:44:35+00:00\" \/>\n<meta property=\"og:image\" content=\"https:\/\/casalaflor.com\/wp-content\/uploads\/2022\/11\/25.-Strand-rotated.jpg\" \/>\n<meta name=\"twitter:card\" content=\"summary_large_image\" \/>\n<meta name=\"twitter:label1\" content=\"Tiempo de lectura\" \/>\n\t<meta name=\"twitter:data1\" content=\"1 minuto\" \/>\n<script type=\"application\/ld+json\" class=\"yoast-schema-graph\">{\"@context\":\"https:\/\/schema.org\",\"@graph\":[{\"@type\":\"WebPage\",\"@id\":\"https:\/\/casalaflor.com\/es\/casa-la-flor-alrededores\/casa-la-flor-playas\/\",\"url\":\"https:\/\/casalaflor.com\/es\/casa-la-flor-alrededores\/casa-la-flor-playas\/\",\"name\":\"Casa La Flor | Playas - Casa La Flor\",\"isPartOf\":{\"@id\":\"https:\/\/casalaflor.com\/es\/#website\"},\"primaryImageOfPage\":{\"@id\":\"https:\/\/casalaflor.com\/es\/casa-la-flor-alrededores\/casa-la-flor-playas\/#primaryimage\"},\"image\":{\"@id\":\"https:\/\/casalaflor.com\/es\/casa-la-flor-alrededores\/casa-la-flor-playas\/#primaryimage\"},\"thumbnailUrl\":\"https:\/\/casalaflor.com\/wp-content\/uploads\/2022\/11\/25.-Strand-rotated.jpg\",\"datePublished\":\"2022-11-04T12:50:24+00:00\",\"dateModified\":\"2022-11-19T14:44:35+00:00\",\"breadcrumb\":{\"@id\":\"https:\/\/casalaflor.com\/es\/casa-la-flor-alrededores\/casa-la-flor-playas\/#breadcrumb\"},\"inLanguage\":\"es\",\"potentialAction\":[{\"@type\":\"ReadAction\",\"target\":[\"https:\/\/casalaflor.com\/es\/casa-la-flor-alrededores\/casa-la-flor-playas\/\"]}]},{\"@type\":\"ImageObject\",\"inLanguage\":\"es\",\"@id\":\"https:\/\/casalaflor.com\/es\/casa-la-flor-alrededores\/casa-la-flor-playas\/#primaryimage\",\"url\":\"https:\/\/casalaflor.com\/wp-content\/uploads\/2022\/11\/25.-Strand-rotated.jpg\",\"contentUrl\":\"https:\/\/casalaflor.com\/wp-content\/uploads\/2022\/11\/25.-Strand-rotated.jpg\"},{\"@type\":\"BreadcrumbList\",\"@id\":\"https:\/\/casalaflor.com\/es\/casa-la-flor-alrededores\/casa-la-flor-playas\/#breadcrumb\",\"itemListElement\":[{\"@type\":\"ListItem\",\"position\":1,\"name\":\"Home\",\"item\":\"https:\/\/casalaflor.com\/es\/\"},{\"@type\":\"ListItem\",\"position\":2,\"name\":\"Casa La Flor | Experiencia\",\"item\":\"https:\/\/casalaflor.com\/es\/casa-la-flor-alrededores\/\"},{\"@type\":\"ListItem\",\"position\":3,\"name\":\"Casa La Flor | Playas\"}]},{\"@type\":\"WebSite\",\"@id\":\"https:\/\/casalaflor.com\/es\/#website\",\"url\":\"https:\/\/casalaflor.com\/es\/\",\"name\":\"Casa La Flor\",\"description\":\"Malaga- Holiday Villa with seaview!\",\"publisher\":{\"@id\":\"https:\/\/casalaflor.com\/es\/#organization\"},\"potentialAction\":[{\"@type\":\"SearchAction\",\"target\":{\"@type\":\"EntryPoint\",\"urlTemplate\":\"https:\/\/casalaflor.com\/es\/?s={search_term_string}\"},\"query-input\":{\"@type\":\"PropertyValueSpecification\",\"valueRequired\":true,\"valueName\":\"search_term_string\"}}],\"inLanguage\":\"es\"},{\"@type\":\"Organization\",\"@id\":\"https:\/\/casalaflor.com\/es\/#organization\",\"name\":\"Casa La Flor\",\"url\":\"https:\/\/casalaflor.com\/es\/\",\"logo\":{\"@type\":\"ImageObject\",\"inLanguage\":\"es\",\"@id\":\"https:\/\/casalaflor.com\/es\/#\/schema\/logo\/image\/\",\"url\":\"https:\/\/casalaflor.com\/wp-content\/uploads\/2022\/10\/Casa-La-FLow-logo-zonder-achtergrond-min-2.png\",\"contentUrl\":\"https:\/\/casalaflor.com\/wp-content\/uploads\/2022\/10\/Casa-La-FLow-logo-zonder-achtergrond-min-2.png\",\"width\":1000,\"height\":963,\"caption\":\"Casa La Flor\"},\"image\":{\"@id\":\"https:\/\/casalaflor.com\/es\/#\/schema\/logo\/image\/\"},\"sameAs\":[\"https:\/\/www.facebook.com\/Casarurallaflor\",\"https:\/\/www.instagram.com\/casa.laflor\/\"]}]}<\/script>\n<!-- \/ Yoast SEO plugin. -->","yoast_head_json":{"title":"Casa La Flor | Playas - Casa La Flor","robots":{"index":"index","follow":"follow","max-snippet":"max-snippet:-1","max-image-preview":"max-image-preview:large","max-video-preview":"max-video-preview:-1"},"canonical":"https:\/\/casalaflor.com\/es\/casa-la-flor-alrededores\/casa-la-flor-playas\/","og_locale":"es_ES","og_type":"article","og_title":"Casa La Flor | Playas - Casa La Flor","og_description":"Playas Playas de la zona Torre del Mar: la playa est\u00e1 en el paseo mar\u00edtimo, tiene arena oscura (con peque\u00f1os guijarros) y un oleaje moderado. La playa familiar tiene 40 metros de ancho en una longitud de unos 2 km y hay muchos chiringuitos. Consejo: alquila tumbonas en el chiringuito Jazba o Berebere. El Morche [&hellip;]","og_url":"https:\/\/casalaflor.com\/es\/casa-la-flor-alrededores\/casa-la-flor-playas\/","og_site_name":"Casa La Flor","article_publisher":"https:\/\/www.facebook.com\/Casarurallaflor","article_modified_time":"2022-11-19T14:44:35+00:00","og_image":[{"url":"https:\/\/casalaflor.com\/wp-content\/uploads\/2022\/11\/25.-Strand-rotated.jpg","type":"","width":"","height":""}],"twitter_card":"summary_large_image","twitter_misc":{"Tiempo de lectura":"1 minuto"},"schema":{"@context":"https:\/\/schema.org","@graph":[{"@type":"WebPage","@id":"https:\/\/casalaflor.com\/es\/casa-la-flor-alrededores\/casa-la-flor-playas\/","url":"https:\/\/casalaflor.com\/es\/casa-la-flor-alrededores\/casa-la-flor-playas\/","name":"Casa La Flor | Playas - Casa La Flor","isPartOf":{"@id":"https:\/\/casalaflor.com\/es\/#website"},"primaryImageOfPage":{"@id":"https:\/\/casalaflor.com\/es\/casa-la-flor-alrededores\/casa-la-flor-playas\/#primaryimage"},"image":{"@id":"https:\/\/casalaflor.com\/es\/casa-la-flor-alrededores\/casa-la-flor-playas\/#primaryimage"},"thumbnailUrl":"https:\/\/casalaflor.com\/wp-content\/uploads\/2022\/11\/25.-Strand-rotated.jpg","datePublished":"2022-11-04T12:50:24+00:00","dateModified":"2022-11-19T14:44:35+00:00","breadcrumb":{"@id":"https:\/\/casalaflor.com\/es\/casa-la-flor-alrededores\/casa-la-flor-playas\/#breadcrumb"},"inLanguage":"es","potentialAction":[{"@type":"ReadAction","target":["https:\/\/casalaflor.com\/es\/casa-la-flor-alrededores\/casa-la-flor-playas\/"]}]},{"@type":"ImageObject","inLanguage":"es","@id":"https:\/\/casalaflor.com\/es\/casa-la-flor-alrededores\/casa-la-flor-playas\/#primaryimage","url":"https:\/\/casalaflor.com\/wp-content\/uploads\/2022\/11\/25.-Strand-rotated.jpg","contentUrl":"https:\/\/casalaflor.com\/wp-content\/uploads\/2022\/11\/25.-Strand-rotated.jpg"},{"@type":"BreadcrumbList","@id":"https:\/\/casalaflor.com\/es\/casa-la-flor-alrededores\/casa-la-flor-playas\/#breadcrumb","itemListElement":[{"@type":"ListItem","position":1,"name":"Home","item":"https:\/\/casalaflor.com\/es\/"},{"@type":"ListItem","position":2,"name":"Casa La Flor | Experiencia","item":"https:\/\/casalaflor.com\/es\/casa-la-flor-alrededores\/"},{"@type":"ListItem","position":3,"name":"Casa La Flor | Playas"}]},{"@type":"WebSite","@id":"https:\/\/casalaflor.com\/es\/#website","url":"https:\/\/casalaflor.com\/es\/","name":"Casa La Flor","description":"Malaga- Holiday Villa with seaview!","publisher":{"@id":"https:\/\/casalaflor.com\/es\/#organization"},"potentialAction":[{"@type":"SearchAction","target":{"@type":"EntryPoint","urlTemplate":"https:\/\/casalaflor.com\/es\/?s={search_term_string}"},"query-input":{"@type":"PropertyValueSpecification","valueRequired":true,"valueName":"search_term_string"}}],"inLanguage":"es"},{"@type":"Organization","@id":"https:\/\/casalaflor.com\/es\/#organization","name":"Casa La Flor","url":"https:\/\/casalaflor.com\/es\/","logo":{"@type":"ImageObject","inLanguage":"es","@id":"https:\/\/casalaflor.com\/es\/#\/schema\/logo\/image\/","url":"https:\/\/casalaflor.com\/wp-content\/uploads\/2022\/10\/Casa-La-FLow-logo-zonder-achtergrond-min-2.png","contentUrl":"https:\/\/casalaflor.com\/wp-content\/uploads\/2022\/10\/Casa-La-FLow-logo-zonder-achtergrond-min-2.png","width":1000,"height":963,"caption":"Casa La Flor"},"image":{"@id":"https:\/\/casalaflor.com\/es\/#\/schema\/logo\/image\/"},"sameAs":["https:\/\/www.facebook.com\/Casarurallaflor","https:\/\/www.instagram.com\/casa.laflor\/"]}]}},"_links":{"self":[{"href":"https:\/\/casalaflor.com\/es\/wp-json\/wp\/v2\/pages\/1568","targetHints":{"allow":["GET"]}}],"collection":[{"href":"https:\/\/casalaflor.com\/es\/wp-json\/wp\/v2\/pages"}],"about":[{"href":"https:\/\/casalaflor.com\/es\/wp-json\/wp\/v2\/types\/page"}],"author":[{"embeddable":true,"href":"https:\/\/casalaflor.com\/es\/wp-json\/wp\/v2\/users\/1"}],"replies":[{"embeddable":true,"href":"https:\/\/casalaflor.com\/es\/wp-json\/wp\/v2\/comments?post=1568"}],"version-history":[{"count":2,"href":"https:\/\/casalaflor.com\/es\/wp-json\/wp\/v2\/pages\/1568\/revisions"}],"predecessor-version":[{"id":1746,"href":"https:\/\/casalaflor.com\/es\/wp-json\/wp\/v2\/pages\/1568\/revisions\/1746"}],"up":[{"embeddable":true,"href":"https:\/\/casalaflor.com\/es\/wp-json\/wp\/v2\/pages\/1495"}],"wp:attachment":[{"href":"https:\/\/casalaflor.com\/es\/wp-json\/wp\/v2\/media?parent=1568"}],"curies":[{"name":"wp","href":"https:\/\/api.w.org\/{rel}","templated":true}]}}